{"id":1061,"date":"2021-04-22T15:50:09","date_gmt":"2021-04-22T15:50:09","guid":{"rendered":"https:\/\/pep.pl\/?page_id=1061"},"modified":"2023-11-20T13:12:41","modified_gmt":"2023-11-20T11:12:41","slug":"privacy-policy","status":"publish","type":"page","link":"https:\/\/pep.pl\/en\/privacy-policy\/","title":{"rendered":"Privacy Policy"},"content":{"rendered":"","protected":false},"excerpt":{"rendered":"","protected":false},"author":1,"featured_media":0,"parent":0,"menu_order":0,"comment_status":"closed","ping_status":"closed","template":"pages\/privacy.php","meta":{"_acf_changed":false,"inline_featured_image":false,"footnotes":""},"class_list":["post-1061","page","type-page","status-publish","hentry"],"acf":[],"yoast_head":"<!-- This site is optimized with the Yoast SEO Premium plugin v27.5 (Yoast SEO v27.5) - https:\/\/yoast.com\/product\/yoast-seo-premium-wordpress\/ -->\n<title>Privacy Policy - Polskie eP\u0142atno\u015bci<\/title>\n<meta name=\"description\" content=\"Privacy Policy - wejd\u017a na stron\u0119 i przeczytaj! Odkryj bogat\u0105 ofert\u0119 PEP (Grupa Nexi) i wybierz terminal dla swojego biznesu - 0 z\u0142 przez 12 miesi\u0119cy! Sprawd\u017a teraz!\" \/>\n<meta name=\"robots\" content=\"index, follow, max-snippet:-1, max-image-preview:large, max-video-preview:-1\" \/>\n<link rel=\"canonical\" href=\"https:\/\/pep.pl\/en\/privacy-policy\/\" \/>\n<meta property=\"og:locale\" content=\"en_US\" \/>\n<meta property=\"og:type\" content=\"article\" \/>\n<meta property=\"og:title\" content=\"Privacy Policy - Polskie eP\u0142atno\u015bci \ud83d\ude42\" \/>\n<meta property=\"og:description\" content=\"Privacy Policy - Polskie eP\u0142atno\u015bci \ud83d\ude42\" \/>\n<meta property=\"og:url\" content=\"https:\/\/pep.pl\/en\/privacy-policy\/\" \/>\n<meta property=\"og:site_name\" content=\"Polskie eP\u0142atno\u015bci\" \/>\n<meta property=\"article:publisher\" content=\"https:\/\/www.facebook.com\/polskieeplatnosci\/\" \/>\n<meta property=\"article:modified_time\" content=\"2023-11-20T11:12:41+00:00\" \/>\n<meta name=\"twitter:card\" content=\"summary_large_image\" \/>\n<meta name=\"twitter:site\" content=\"@pepplatnosci\" \/>\n<script type=\"application\/ld+json\" class=\"yoast-schema-graph\">{\"@context\":\"https:\\\/\\\/schema.org\",\"@graph\":[{\"@type\":\"WebPage\",\"@id\":\"https:\\\/\\\/pep.pl\\\/en\\\/privacy-policy\\\/\",\"url\":\"https:\\\/\\\/pep.pl\\\/en\\\/privacy-policy\\\/\",\"name\":\"Privacy Policy - Polskie eP\u0142atno\u015bci\",\"isPartOf\":{\"@id\":\"https:\\\/\\\/pep.pl\\\/#website\"},\"datePublished\":\"2021-04-22T15:50:09+00:00\",\"dateModified\":\"2023-11-20T11:12:41+00:00\",\"description\":\"Privacy Policy - wejd\u017a na stron\u0119 i przeczytaj! Odkryj bogat\u0105 ofert\u0119 PEP (Grupa Nexi) i wybierz terminal dla swojego biznesu - 0 z\u0142 przez 12 miesi\u0119cy! Sprawd\u017a teraz!\",\"breadcrumb\":{\"@id\":\"https:\\\/\\\/pep.pl\\\/en\\\/privacy-policy\\\/#breadcrumb\"},\"inLanguage\":\"en-US\",\"potentialAction\":[{\"@type\":\"ReadAction\",\"target\":[\"https:\\\/\\\/pep.pl\\\/en\\\/privacy-policy\\\/\"]}]},{\"@type\":\"BreadcrumbList\",\"@id\":\"https:\\\/\\\/pep.pl\\\/en\\\/privacy-policy\\\/#breadcrumb\",\"itemListElement\":[{\"@type\":\"ListItem\",\"position\":1,\"name\":\"Strona g\u0142\u00f3wna\",\"item\":\"https:\\\/\\\/pep.pl\\\/en\\\/\"},{\"@type\":\"ListItem\",\"position\":2,\"name\":\"Privacy Policy\"}]},{\"@type\":\"WebSite\",\"@id\":\"https:\\\/\\\/pep.pl\\\/#website\",\"url\":\"https:\\\/\\\/pep.pl\\\/\",\"name\":\"Polskie eP\u0142atno\u015bci\",\"description\":\"Polskie eP\u0142atno\u015bci\",\"publisher\":{\"@id\":\"https:\\\/\\\/pep.pl\\\/#organization\"},\"potentialAction\":[{\"@type\":\"SearchAction\",\"target\":{\"@type\":\"EntryPoint\",\"urlTemplate\":\"https:\\\/\\\/pep.pl\\\/?s={search_term_string}\"},\"query-input\":{\"@type\":\"PropertyValueSpecification\",\"valueRequired\":true,\"valueName\":\"search_term_string\"}}],\"inLanguage\":\"en-US\"},{\"@type\":\"Organization\",\"@id\":\"https:\\\/\\\/pep.pl\\\/#organization\",\"name\":\"Polskie eP\u0142atno\u015bci\",\"alternateName\":\"PeP\",\"url\":\"https:\\\/\\\/pep.pl\\\/\",\"logo\":{\"@type\":\"ImageObject\",\"inLanguage\":\"en-US\",\"@id\":\"https:\\\/\\\/pep.pl\\\/#\\\/schema\\\/logo\\\/image\\\/\",\"url\":\"https:\\\/\\\/pep.pl\\\/wp-content\\\/uploads\\\/2025\\\/02\\\/logo_pep_schema.png\",\"contentUrl\":\"https:\\\/\\\/pep.pl\\\/wp-content\\\/uploads\\\/2025\\\/02\\\/logo_pep_schema.png\",\"width\":696,\"height\":696,\"caption\":\"Polskie eP\u0142atno\u015bci\"},\"image\":{\"@id\":\"https:\\\/\\\/pep.pl\\\/#\\\/schema\\\/logo\\\/image\\\/\"},\"sameAs\":[\"https:\\\/\\\/www.facebook.com\\\/polskieeplatnosci\\\/\",\"https:\\\/\\\/x.com\\\/pepplatnosci\",\"https:\\\/\\\/www.linkedin.com\\\/company\\\/polskieeplatnosci\\\/\",\"https:\\\/\\\/www.tiktok.com\\\/@polskieeplatnosci\",\"https:\\\/\\\/www.youtube.com\\\/channel\\\/UCltV9NS4b0iySyPBEpm_FJA\",\"https:\\\/\\\/www.instagram.com\\\/polskie_eplatnosci\\\/\"]}]}<\/script>\n<!-- \/ Yoast SEO Premium plugin. -->","yoast_head_json":{"title":"Privacy Policy - Polskie eP\u0142atno\u015bci","description":"Privacy Policy - wejd\u017a na stron\u0119 i przeczytaj! Odkryj bogat\u0105 ofert\u0119 PEP (Grupa Nexi) i wybierz terminal dla swojego biznesu - 0 z\u0142 przez 12 miesi\u0119cy! Sprawd\u017a teraz!","robots":{"index":"index","follow":"follow","max-snippet":"max-snippet:-1","max-image-preview":"max-image-preview:large","max-video-preview":"max-video-preview:-1"},"canonical":"https:\/\/pep.pl\/en\/privacy-policy\/","og_locale":"en_US","og_type":"article","og_title":"Privacy Policy - Polskie eP\u0142atno\u015bci \ud83d\ude42","og_description":"Privacy Policy - Polskie eP\u0142atno\u015bci \ud83d\ude42","og_url":"https:\/\/pep.pl\/en\/privacy-policy\/","og_site_name":"Polskie eP\u0142atno\u015bci","article_publisher":"https:\/\/www.facebook.com\/polskieeplatnosci\/","article_modified_time":"2023-11-20T11:12:41+00:00","twitter_card":"summary_large_image","twitter_site":"@pepplatnosci","schema":{"@context":"https:\/\/schema.org","@graph":[{"@type":"WebPage","@id":"https:\/\/pep.pl\/en\/privacy-policy\/","url":"https:\/\/pep.pl\/en\/privacy-policy\/","name":"Privacy Policy - Polskie eP\u0142atno\u015bci","isPartOf":{"@id":"https:\/\/pep.pl\/#website"},"datePublished":"2021-04-22T15:50:09+00:00","dateModified":"2023-11-20T11:12:41+00:00","description":"Privacy Policy - wejd\u017a na stron\u0119 i przeczytaj! Odkryj bogat\u0105 ofert\u0119 PEP (Grupa Nexi) i wybierz terminal dla swojego biznesu - 0 z\u0142 przez 12 miesi\u0119cy! Sprawd\u017a teraz!","breadcrumb":{"@id":"https:\/\/pep.pl\/en\/privacy-policy\/#breadcrumb"},"inLanguage":"en-US","potentialAction":[{"@type":"ReadAction","target":["https:\/\/pep.pl\/en\/privacy-policy\/"]}]},{"@type":"BreadcrumbList","@id":"https:\/\/pep.pl\/en\/privacy-policy\/#breadcrumb","itemListElement":[{"@type":"ListItem","position":1,"name":"Strona g\u0142\u00f3wna","item":"https:\/\/pep.pl\/en\/"},{"@type":"ListItem","position":2,"name":"Privacy Policy"}]},{"@type":"WebSite","@id":"https:\/\/pep.pl\/#website","url":"https:\/\/pep.pl\/","name":"Polskie eP\u0142atno\u015bci","description":"Polskie eP\u0142atno\u015bci","publisher":{"@id":"https:\/\/pep.pl\/#organization"},"potentialAction":[{"@type":"SearchAction","target":{"@type":"EntryPoint","urlTemplate":"https:\/\/pep.pl\/?s={search_term_string}"},"query-input":{"@type":"PropertyValueSpecification","valueRequired":true,"valueName":"search_term_string"}}],"inLanguage":"en-US"},{"@type":"Organization","@id":"https:\/\/pep.pl\/#organization","name":"Polskie eP\u0142atno\u015bci","alternateName":"PeP","url":"https:\/\/pep.pl\/","logo":{"@type":"ImageObject","inLanguage":"en-US","@id":"https:\/\/pep.pl\/#\/schema\/logo\/image\/","url":"https:\/\/pep.pl\/wp-content\/uploads\/2025\/02\/logo_pep_schema.png","contentUrl":"https:\/\/pep.pl\/wp-content\/uploads\/2025\/02\/logo_pep_schema.png","width":696,"height":696,"caption":"Polskie eP\u0142atno\u015bci"},"image":{"@id":"https:\/\/pep.pl\/#\/schema\/logo\/image\/"},"sameAs":["https:\/\/www.facebook.com\/polskieeplatnosci\/","https:\/\/x.com\/pepplatnosci","https:\/\/www.linkedin.com\/company\/polskieeplatnosci\/","https:\/\/www.tiktok.com\/@polskieeplatnosci","https:\/\/www.youtube.com\/channel\/UCltV9NS4b0iySyPBEpm_FJA","https:\/\/www.instagram.com\/polskie_eplatnosci\/"]}]}},"_links":{"self":[{"href":"https:\/\/pep.pl\/en\/wp-json\/wp\/v2\/pages\/1061","targetHints":{"allow":["GET"]}}],"collection":[{"href":"https:\/\/pep.pl\/en\/wp-json\/wp\/v2\/pages"}],"about":[{"href":"https:\/\/pep.pl\/en\/wp-json\/wp\/v2\/types\/page"}],"author":[{"embeddable":true,"href":"https:\/\/pep.pl\/en\/wp-json\/wp\/v2\/users\/1"}],"replies":[{"embeddable":true,"href":"https:\/\/pep.pl\/en\/wp-json\/wp\/v2\/comments?post=1061"}],"version-history":[{"count":0,"href":"https:\/\/pep.pl\/en\/wp-json\/wp\/v2\/pages\/1061\/revisions"}],"wp:attachment":[{"href":"https:\/\/pep.pl\/en\/wp-json\/wp\/v2\/media?parent=1061"}],"curies":[{"name":"wp","href":"https:\/\/api.w.org\/{rel}","templated":true}]}}