{"id":3384,"date":"2021-06-22T10:22:54","date_gmt":"2021-06-22T08:22:54","guid":{"rendered":"https:\/\/pep.pl\/regulaminy\/"},"modified":"2023-11-20T13:09:53","modified_gmt":"2023-11-20T11:09:53","slug":"regulaminy","status":"publish","type":"page","link":"https:\/\/pep.pl\/en\/regulaminy\/","title":{"rendered":"Regulations"},"content":{"rendered":"<h2><strong>Regulations for the NeoTU cooperation agreement<\/strong><\/h2>\n\n\n<div class=\"wp-block-file\"><a href=\"https:\/\/pep.pl\/wp-content\/uploads\/2021\/06\/regulamin_do_umowy_o_swiadczenie_uslug_terminalowych_obowiazujacy_od_21_12_2017.pdf\">regulamin_do_umowy_o_swiadczenie_uslug_terminalowych_obowiazujacy_od_21_12_2017<\/a><\/div>\r\n<div>\u00a0<\/div>\r\n<h2 class=\"wp-block-file\"><strong>Regulamin \u015aKUP<\/strong><\/h2>\n\n\n\n<div class=\"wp-block-file\"><a href=\"https:\/\/pep.pl\/wp-content\/uploads\/2021\/11\/Zalacznik-nr-1-Regulamin-SKUP.pdf\">Zalacznik-nr-1-Regulamin-SKUP<\/a><\/div>\n\n\n\n<div class=\"wp-block-file\"><a href=\"https:\/\/pep.pl\/wp-content\/uploads\/2021\/11\/Instrukcja-zglaszania-bledow-z-terminali-bitel-w-sieci-sprzedazy.pdf\">Instrukcja-zglaszania-bledow-z-terminali-bitel-w-sieci-sprzedazy<\/a><\/div>\n\n\n\n<div class=\"wp-block-file\"><a href=\"https:\/\/pep.pl\/wp-content\/uploads\/2021\/11\/Warunki-techniczne-korzystania-z-udostepnionego-terminala-oplat-i-doladowan_.pdf\">Warunki-techniczne-korzystania-z-udostepnionego-terminala-oplat-i-doladowan_<\/a><\/div>\n","protected":false},"excerpt":{"rendered":"<p>Regulations for the NeoTU cooperation agreement<\/p>\n","protected":false},"author":3,"featured_media":648,"parent":0,"menu_order":0,"comment_status":"closed","ping_status":"closed","template":"","meta":{"_acf_changed":false,"inline_featured_image":false,"footnotes":""},"class_list":["post-3384","page","type-page","status-publish","has-post-thumbnail","hentry"],"acf":[],"yoast_head":"<!-- This site is optimized with the Yoast SEO Premium plugin v27.5 (Yoast SEO v27.5) - https:\/\/yoast.com\/product\/yoast-seo-premium-wordpress\/ -->\n<title>Regulations - Polskie eP\u0142atno\u015bci<\/title>\n<meta name=\"description\" content=\"Regulations - wejd\u017a na stron\u0119 i przeczytaj! Odkryj bogat\u0105 ofert\u0119 PEP (Grupa Nexi) i wybierz terminal dla swojego biznesu - 0 z\u0142 przez 12 miesi\u0119cy! Sprawd\u017a teraz!\" \/>\n<meta name=\"robots\" content=\"index, follow, max-snippet:-1, max-image-preview:large, max-video-preview:-1\" \/>\n<link rel=\"canonical\" href=\"https:\/\/pep.pl\/en\/regulaminy\/\" \/>\n<meta property=\"og:locale\" content=\"en_US\" \/>\n<meta property=\"og:type\" content=\"article\" \/>\n<meta property=\"og:title\" content=\"Regulations - Polskie eP\u0142atno\u015bci \ud83d\ude42\" \/>\n<meta property=\"og:description\" content=\"Regulations - Polskie eP\u0142atno\u015bci \ud83d\ude42\" \/>\n<meta property=\"og:url\" content=\"https:\/\/pep.pl\/en\/regulaminy\/\" \/>\n<meta property=\"og:site_name\" content=\"Polskie eP\u0142atno\u015bci\" \/>\n<meta property=\"article:publisher\" content=\"https:\/\/www.facebook.com\/polskieeplatnosci\/\" \/>\n<meta property=\"article:modified_time\" content=\"2023-11-20T11:09:53+00:00\" \/>\n<meta property=\"og:image\" content=\"https:\/\/pep.pl\/wp-content\/uploads\/2021\/03\/header4-1.jpg\" \/>\n\t<meta property=\"og:image:width\" content=\"1080\" \/>\n\t<meta property=\"og:image:height\" content=\"360\" \/>\n\t<meta property=\"og:image:type\" content=\"image\/jpeg\" \/>\n<meta name=\"twitter:card\" content=\"summary_large_image\" \/>\n<meta name=\"twitter:site\" content=\"@pepplatnosci\" \/>\n<meta name=\"twitter:label1\" content=\"Est. reading time\" \/>\n\t<meta name=\"twitter:data1\" content=\"1 minute\" \/>\n<script type=\"application\/ld+json\" class=\"yoast-schema-graph\">{\"@context\":\"https:\\\/\\\/schema.org\",\"@graph\":[{\"@type\":\"WebPage\",\"@id\":\"https:\\\/\\\/pep.pl\\\/en\\\/regulaminy\\\/\",\"url\":\"https:\\\/\\\/pep.pl\\\/en\\\/regulaminy\\\/\",\"name\":\"Regulations - Polskie eP\u0142atno\u015bci\",\"isPartOf\":{\"@id\":\"https:\\\/\\\/pep.pl\\\/#website\"},\"primaryImageOfPage\":{\"@id\":\"https:\\\/\\\/pep.pl\\\/en\\\/regulaminy\\\/#primaryimage\"},\"image\":{\"@id\":\"https:\\\/\\\/pep.pl\\\/en\\\/regulaminy\\\/#primaryimage\"},\"thumbnailUrl\":\"https:\\\/\\\/pep.pl\\\/wp-content\\\/uploads\\\/2021\\\/03\\\/header4-1.jpg\",\"datePublished\":\"2021-06-22T08:22:54+00:00\",\"dateModified\":\"2023-11-20T11:09:53+00:00\",\"description\":\"Regulations - wejd\u017a na stron\u0119 i przeczytaj! Odkryj bogat\u0105 ofert\u0119 PEP (Grupa Nexi) i wybierz terminal dla swojego biznesu - 0 z\u0142 przez 12 miesi\u0119cy! Sprawd\u017a teraz!\",\"breadcrumb\":{\"@id\":\"https:\\\/\\\/pep.pl\\\/en\\\/regulaminy\\\/#breadcrumb\"},\"inLanguage\":\"en-US\",\"potentialAction\":[{\"@type\":\"ReadAction\",\"target\":[\"https:\\\/\\\/pep.pl\\\/en\\\/regulaminy\\\/\"]}]},{\"@type\":\"ImageObject\",\"inLanguage\":\"en-US\",\"@id\":\"https:\\\/\\\/pep.pl\\\/en\\\/regulaminy\\\/#primaryimage\",\"url\":\"https:\\\/\\\/pep.pl\\\/wp-content\\\/uploads\\\/2021\\\/03\\\/header4-1.jpg\",\"contentUrl\":\"https:\\\/\\\/pep.pl\\\/wp-content\\\/uploads\\\/2021\\\/03\\\/header4-1.jpg\",\"width\":1080,\"height\":360},{\"@type\":\"BreadcrumbList\",\"@id\":\"https:\\\/\\\/pep.pl\\\/en\\\/regulaminy\\\/#breadcrumb\",\"itemListElement\":[{\"@type\":\"ListItem\",\"position\":1,\"name\":\"Strona g\u0142\u00f3wna\",\"item\":\"https:\\\/\\\/pep.pl\\\/en\\\/\"},{\"@type\":\"ListItem\",\"position\":2,\"name\":\"Regulations\"}]},{\"@type\":\"WebSite\",\"@id\":\"https:\\\/\\\/pep.pl\\\/#website\",\"url\":\"https:\\\/\\\/pep.pl\\\/\",\"name\":\"Polskie eP\u0142atno\u015bci\",\"description\":\"Polskie eP\u0142atno\u015bci\",\"publisher\":{\"@id\":\"https:\\\/\\\/pep.pl\\\/#organization\"},\"potentialAction\":[{\"@type\":\"SearchAction\",\"target\":{\"@type\":\"EntryPoint\",\"urlTemplate\":\"https:\\\/\\\/pep.pl\\\/?s={search_term_string}\"},\"query-input\":{\"@type\":\"PropertyValueSpecification\",\"valueRequired\":true,\"valueName\":\"search_term_string\"}}],\"inLanguage\":\"en-US\"},{\"@type\":\"Organization\",\"@id\":\"https:\\\/\\\/pep.pl\\\/#organization\",\"name\":\"Polskie eP\u0142atno\u015bci\",\"alternateName\":\"PeP\",\"url\":\"https:\\\/\\\/pep.pl\\\/\",\"logo\":{\"@type\":\"ImageObject\",\"inLanguage\":\"en-US\",\"@id\":\"https:\\\/\\\/pep.pl\\\/#\\\/schema\\\/logo\\\/image\\\/\",\"url\":\"https:\\\/\\\/pep.pl\\\/wp-content\\\/uploads\\\/2025\\\/02\\\/logo_pep_schema.png\",\"contentUrl\":\"https:\\\/\\\/pep.pl\\\/wp-content\\\/uploads\\\/2025\\\/02\\\/logo_pep_schema.png\",\"width\":696,\"height\":696,\"caption\":\"Polskie eP\u0142atno\u015bci\"},\"image\":{\"@id\":\"https:\\\/\\\/pep.pl\\\/#\\\/schema\\\/logo\\\/image\\\/\"},\"sameAs\":[\"https:\\\/\\\/www.facebook.com\\\/polskieeplatnosci\\\/\",\"https:\\\/\\\/x.com\\\/pepplatnosci\",\"https:\\\/\\\/www.linkedin.com\\\/company\\\/polskieeplatnosci\\\/\",\"https:\\\/\\\/www.tiktok.com\\\/@polskieeplatnosci\",\"https:\\\/\\\/www.youtube.com\\\/channel\\\/UCltV9NS4b0iySyPBEpm_FJA\",\"https:\\\/\\\/www.instagram.com\\\/polskie_eplatnosci\\\/\"]}]}<\/script>\n<!-- \/ Yoast SEO Premium plugin. -->","yoast_head_json":{"title":"Regulations - Polskie eP\u0142atno\u015bci","description":"Regulations - wejd\u017a na stron\u0119 i przeczytaj! Odkryj bogat\u0105 ofert\u0119 PEP (Grupa Nexi) i wybierz terminal dla swojego biznesu - 0 z\u0142 przez 12 miesi\u0119cy! Sprawd\u017a teraz!","robots":{"index":"index","follow":"follow","max-snippet":"max-snippet:-1","max-image-preview":"max-image-preview:large","max-video-preview":"max-video-preview:-1"},"canonical":"https:\/\/pep.pl\/en\/regulaminy\/","og_locale":"en_US","og_type":"article","og_title":"Regulations - Polskie eP\u0142atno\u015bci \ud83d\ude42","og_description":"Regulations - Polskie eP\u0142atno\u015bci \ud83d\ude42","og_url":"https:\/\/pep.pl\/en\/regulaminy\/","og_site_name":"Polskie eP\u0142atno\u015bci","article_publisher":"https:\/\/www.facebook.com\/polskieeplatnosci\/","article_modified_time":"2023-11-20T11:09:53+00:00","og_image":[{"width":1080,"height":360,"url":"https:\/\/pep.pl\/wp-content\/uploads\/2021\/03\/header4-1.jpg","type":"image\/jpeg"}],"twitter_card":"summary_large_image","twitter_site":"@pepplatnosci","twitter_misc":{"Est. reading time":"1 minute"},"schema":{"@context":"https:\/\/schema.org","@graph":[{"@type":"WebPage","@id":"https:\/\/pep.pl\/en\/regulaminy\/","url":"https:\/\/pep.pl\/en\/regulaminy\/","name":"Regulations - Polskie eP\u0142atno\u015bci","isPartOf":{"@id":"https:\/\/pep.pl\/#website"},"primaryImageOfPage":{"@id":"https:\/\/pep.pl\/en\/regulaminy\/#primaryimage"},"image":{"@id":"https:\/\/pep.pl\/en\/regulaminy\/#primaryimage"},"thumbnailUrl":"https:\/\/pep.pl\/wp-content\/uploads\/2021\/03\/header4-1.jpg","datePublished":"2021-06-22T08:22:54+00:00","dateModified":"2023-11-20T11:09:53+00:00","description":"Regulations - wejd\u017a na stron\u0119 i przeczytaj! Odkryj bogat\u0105 ofert\u0119 PEP (Grupa Nexi) i wybierz terminal dla swojego biznesu - 0 z\u0142 przez 12 miesi\u0119cy! Sprawd\u017a teraz!","breadcrumb":{"@id":"https:\/\/pep.pl\/en\/regulaminy\/#breadcrumb"},"inLanguage":"en-US","potentialAction":[{"@type":"ReadAction","target":["https:\/\/pep.pl\/en\/regulaminy\/"]}]},{"@type":"ImageObject","inLanguage":"en-US","@id":"https:\/\/pep.pl\/en\/regulaminy\/#primaryimage","url":"https:\/\/pep.pl\/wp-content\/uploads\/2021\/03\/header4-1.jpg","contentUrl":"https:\/\/pep.pl\/wp-content\/uploads\/2021\/03\/header4-1.jpg","width":1080,"height":360},{"@type":"BreadcrumbList","@id":"https:\/\/pep.pl\/en\/regulaminy\/#breadcrumb","itemListElement":[{"@type":"ListItem","position":1,"name":"Strona g\u0142\u00f3wna","item":"https:\/\/pep.pl\/en\/"},{"@type":"ListItem","position":2,"name":"Regulations"}]},{"@type":"WebSite","@id":"https:\/\/pep.pl\/#website","url":"https:\/\/pep.pl\/","name":"Polskie eP\u0142atno\u015bci","description":"Polskie eP\u0142atno\u015bci","publisher":{"@id":"https:\/\/pep.pl\/#organization"},"potentialAction":[{"@type":"SearchAction","target":{"@type":"EntryPoint","urlTemplate":"https:\/\/pep.pl\/?s={search_term_string}"},"query-input":{"@type":"PropertyValueSpecification","valueRequired":true,"valueName":"search_term_string"}}],"inLanguage":"en-US"},{"@type":"Organization","@id":"https:\/\/pep.pl\/#organization","name":"Polskie eP\u0142atno\u015bci","alternateName":"PeP","url":"https:\/\/pep.pl\/","logo":{"@type":"ImageObject","inLanguage":"en-US","@id":"https:\/\/pep.pl\/#\/schema\/logo\/image\/","url":"https:\/\/pep.pl\/wp-content\/uploads\/2025\/02\/logo_pep_schema.png","contentUrl":"https:\/\/pep.pl\/wp-content\/uploads\/2025\/02\/logo_pep_schema.png","width":696,"height":696,"caption":"Polskie eP\u0142atno\u015bci"},"image":{"@id":"https:\/\/pep.pl\/#\/schema\/logo\/image\/"},"sameAs":["https:\/\/www.facebook.com\/polskieeplatnosci\/","https:\/\/x.com\/pepplatnosci","https:\/\/www.linkedin.com\/company\/polskieeplatnosci\/","https:\/\/www.tiktok.com\/@polskieeplatnosci","https:\/\/www.youtube.com\/channel\/UCltV9NS4b0iySyPBEpm_FJA","https:\/\/www.instagram.com\/polskie_eplatnosci\/"]}]}},"_links":{"self":[{"href":"https:\/\/pep.pl\/en\/wp-json\/wp\/v2\/pages\/3384","targetHints":{"allow":["GET"]}}],"collection":[{"href":"https:\/\/pep.pl\/en\/wp-json\/wp\/v2\/pages"}],"about":[{"href":"https:\/\/pep.pl\/en\/wp-json\/wp\/v2\/types\/page"}],"author":[{"embeddable":true,"href":"https:\/\/pep.pl\/en\/wp-json\/wp\/v2\/users\/3"}],"replies":[{"embeddable":true,"href":"https:\/\/pep.pl\/en\/wp-json\/wp\/v2\/comments?post=3384"}],"version-history":[{"count":0,"href":"https:\/\/pep.pl\/en\/wp-json\/wp\/v2\/pages\/3384\/revisions"}],"wp:featuredmedia":[{"embeddable":true,"href":"https:\/\/pep.pl\/en\/wp-json\/wp\/v2\/media\/648"}],"wp:attachment":[{"href":"https:\/\/pep.pl\/en\/wp-json\/wp\/v2\/media?parent=3384"}],"curies":[{"name":"wp","href":"https:\/\/api.w.org\/{rel}","templated":true}]}}