{"id":1223,"date":"2021-11-09T13:42:59","date_gmt":"2021-11-09T13:42:59","guid":{"rendered":"https:\/\/pep.pl\/online\/?page_id=1223"},"modified":"2021-11-09T13:43:00","modified_gmt":"2021-11-09T13:43:00","slug":"google-pay","status":"publish","type":"page","link":"https:\/\/pep.pl\/online\/google-pay\/","title":{"rendered":"Google Pay"},"content":{"rendered":"\n<div class=\"wp-block-media-text alignwide is-stacked-on-mobile is-vertically-aligned-center\" style=\"grid-template-columns:39% auto\"><figure class=\"wp-block-media-text__media\"><img decoding=\"async\" width=\"250\" height=\"104\" data-src=\"http:\/\/impresspro.pl\/client\/paylane\/wp-content\/uploads\/2021\/10\/2000px-Google_Pay_GPay_Logo.svg_-1024x424-1-e1635168374620.png\" alt=\"\" class=\"wp-image-855 size-medium lazyload\" src=\"data:image\/svg+xml;base64,PHN2ZyB3aWR0aD0iMSIgaGVpZ2h0PSIxIiB4bWxucz0iaHR0cDovL3d3dy53My5vcmcvMjAwMC9zdmciPjwvc3ZnPg==\" style=\"--smush-placeholder-width: 250px; --smush-placeholder-aspect-ratio: 250\/104;\" \/><\/figure><div class=\"wp-block-media-text__content\">\n<p>Google Pay\u2122 to szybka, prosta i wygodna metoda dokonywania p\u0142atno\u015bci w Internecie \u2013 w sklepach internetowych, na prostych stronach, czy w aplikacjach mobilnych. P\u0142atnik dostaje wszystko to, czego potrzebuje w procesie zakupowym, jednocze\u015bnie mog\u0105c czu\u0107 si\u0119 bezpiecznie dzi\u0119ki najnowszym mechanizmom zabezpieczaj\u0105cym transakcj\u0119.<\/p>\n\n\n\n<p>Na pocz\u0105tku, klient musi doda\u0107 swoj\u0105 kart\u0119 p\u0142atnicz\u0105 to Google Pay np. na swoim telefonie, czy w tablecie (ta metoda jest dost\u0119pna na telefonach kom\u00f3rkowych, innych urz\u0105dzeniach mobilnych z systemem Android, czy nawet w przegl\u0105darce Chrome). Nast\u0119pnie, by wykona\u0107 p\u0142atno\u015b\u0107 wystarczy wybra\u0107 preferowan\u0105 kart\u0119 i potwierdzi\u0107 transakcj\u0119.<\/p>\n\n\n\n<p>Szczeg\u00f3\u0142y ka\u017cdej p\u0142atno\u015bci Google Pay dost\u0119pne b\u0119d\u0105 w Panelu Merchanckim Polskie eP\u0142atno\u015bci Online.<\/p>\n\n\n\n<p><em>Google Pay jest znakiem towarowym Google LLC.<\/em><\/p>\n<\/div><\/div>\n\n\n\n<div class=\"wp-block-columns is-layout-flex wp-container-core-columns-is-layout-9d6595d7 wp-block-columns-is-layout-flex\">\n<div class=\"wp-block-column is-layout-flow wp-block-column-is-layout-flow\" style=\"flex-basis:120px\">\n<p><strong>Waluty rozliczeniowe:<\/strong><\/p>\n\n\n\n<p><strong>Popularne w krajach:<\/strong><\/p>\n<\/div>\n\n\n\n<div class=\"wp-block-column is-layout-flow wp-block-column-is-layout-flow\">\n<p>EUR, USD, CAD, PLN<\/p>\n\n\n\n<p>Polska,\u00a0Stany Zjednoczone,\u00a0Kanada,\u00a0Niemcy,\u00a0Francja,\u00a0Belgia,\u00a0Szwajcaria,\u00a0Szwecja,\u00a0Norwegia,\u00a0Finlandia,\u00a0Dania,\u00a0W\u0142ochy,\u00a0Chorwacja,\u00a0S\u0142owacja,\u00a0Czechy,\u00a0Hiszpania,\u00a0Irlandia, Wielka Brytania<\/p>\n<\/div>\n<\/div>\n","protected":false},"excerpt":{"rendered":"<p>Google Pay\u2122 to szybka, prosta i wygodna metoda dokonywania p\u0142atno\u015bci w Internecie \u2013 w sklepach internetowych, na prostych stronach, czy w aplikacjach mobilnych. P\u0142atnik dostaje wszystko to, czego potrzebuje w procesie zakupowym, jednocze\u015bnie mog\u0105c czu\u0107 si\u0119 bezpiecznie dzi\u0119ki najnowszym mechanizmom zabezpieczaj\u0105cym transakcj\u0119. Na pocz\u0105tku, klient musi doda\u0107 swoj\u0105 kart\u0119 p\u0142atnicz\u0105 to Google Pay np. na [&hellip;]<\/p>\n","protected":false},"author":1,"featured_media":1224,"parent":0,"menu_order":0,"comment_status":"closed","ping_status":"closed","template":"","meta":{"_acf_changed":false,"inline_featured_image":false,"footnotes":""},"class_list":["post-1223","page","type-page","status-publish","has-post-thumbnail","hentry"],"acf":[],"_links":{"self":[{"href":"https:\/\/pep.pl\/online\/wp-json\/wp\/v2\/pages\/1223","targetHints":{"allow":["GET"]}}],"collection":[{"href":"https:\/\/pep.pl\/online\/wp-json\/wp\/v2\/pages"}],"about":[{"href":"https:\/\/pep.pl\/online\/wp-json\/wp\/v2\/types\/page"}],"author":[{"embeddable":true,"href":"https:\/\/pep.pl\/online\/wp-json\/wp\/v2\/users\/1"}],"replies":[{"embeddable":true,"href":"https:\/\/pep.pl\/online\/wp-json\/wp\/v2\/comments?post=1223"}],"version-history":[{"count":2,"href":"https:\/\/pep.pl\/online\/wp-json\/wp\/v2\/pages\/1223\/revisions"}],"predecessor-version":[{"id":1226,"href":"https:\/\/pep.pl\/online\/wp-json\/wp\/v2\/pages\/1223\/revisions\/1226"}],"wp:featuredmedia":[{"embeddable":true,"href":"https:\/\/pep.pl\/online\/wp-json\/wp\/v2\/media\/1224"}],"wp:attachment":[{"href":"https:\/\/pep.pl\/online\/wp-json\/wp\/v2\/media?parent=1223"}],"curies":[{"name":"wp","href":"https:\/\/api.w.org\/{rel}","templated":true}]}}