{"id":1227,"date":"2021-11-09T13:48:10","date_gmt":"2021-11-09T13:48:10","guid":{"rendered":"https:\/\/pep.pl\/online\/?page_id=1227"},"modified":"2021-11-10T13:16:03","modified_gmt":"2021-11-10T13:16:03","slug":"apple-pay-2","status":"publish","type":"page","link":"https:\/\/pep.pl\/online\/apple-pay-2\/","title":{"rendered":"Apple Pay"},"content":{"rendered":"\n<div class=\"wp-block-media-text alignwide is-stacked-on-mobile is-vertically-aligned-center\" style=\"grid-template-columns:39% auto\"><figure class=\"wp-block-media-text__media\"><img decoding=\"async\" width=\"300\" height=\"140\" data-src=\"https:\/\/pep.pl\/online\/wp-content\/uploads\/2021\/11\/Apple-Pay-300x140.png\" alt=\"\" class=\"wp-image-1230 size-medium lazyload\" data-srcset=\"https:\/\/pep.pl\/online\/wp-content\/uploads\/sites\/2\/2021\/11\/Apple-Pay-300x140.png 300w, https:\/\/pep.pl\/online\/wp-content\/uploads\/sites\/2\/2021\/11\/Apple-Pay-1024x479.png 1024w, https:\/\/pep.pl\/online\/wp-content\/uploads\/sites\/2\/2021\/11\/Apple-Pay-768x359.png 768w, https:\/\/pep.pl\/online\/wp-content\/uploads\/sites\/2\/2021\/11\/Apple-Pay-1536x719.png 1536w, https:\/\/pep.pl\/online\/wp-content\/uploads\/sites\/2\/2021\/11\/Apple-Pay-2048x958.png 2048w\" data-sizes=\"(max-width: 300px) 100vw, 300px\" src=\"data:image\/svg+xml;base64,PHN2ZyB3aWR0aD0iMSIgaGVpZ2h0PSIxIiB4bWxucz0iaHR0cDovL3d3dy53My5vcmcvMjAwMC9zdmciPjwvc3ZnPg==\" style=\"--smush-placeholder-width: 300px; --smush-placeholder-aspect-ratio: 300\/140;\" \/><\/figure><div class=\"wp-block-media-text__content\">\n<p>Apple Pay to system p\u0142atno\u015bci online oraz portfel elektroniczny pozwalaj\u0105cy na proste i b\u0142yskawiczne transakcje za pomoc\u0105 przegl\u0105darki Safari na iPhonie, iPadzie oraz Macu z u\u017cyciem Face ID b\u0105d\u017a Touch ID. To r\u00f3wnie\u017c jedna z najbezpieczniejszych metod p\u0142atno\u015bci na rynku. Dokonuj\u0105c zakup\u00f3w numer karty oraz historia zakup\u00f3w klienta nie jest przechowywana na urz\u0105dzeniu ani serwerach Apple.<\/p>\n\n\n\n<p>W Polsce us\u0142ug\u0105 mog\u0105 cieszy\u0107 si\u0119 klienci Alior Banku, BG\u017b BNP Paribas, BZ WBK, Getin Banku, mBanku, Nest Banku, Pekao oraz Raiffeisen Polbanku.<\/p>\n<\/div><\/div>\n\n\n\n<div class=\"wp-block-columns is-layout-flex wp-container-core-columns-is-layout-9d6595d7 wp-block-columns-is-layout-flex\">\n<div class=\"wp-block-column is-layout-flow wp-block-column-is-layout-flow\" style=\"flex-basis:160px\">\n<p><strong>Waluty rozliczeniowe:<\/strong><\/p>\n\n\n\n<p><strong>Popularne w krajach:<\/strong><\/p>\n<\/div>\n\n\n\n<div class=\"wp-block-column is-layout-flow wp-block-column-is-layout-flow\">\n<p>EUR, USD, GPB, JPY, PLN<\/p>\n\n\n\n<p>Stany Zjednoczone,&nbsp;Kanada,&nbsp;Wielka Brytania,&nbsp;Irlandia,&nbsp;Francja,&nbsp;Hiszpania,&nbsp;W\u0142ochy,&nbsp;Szwajcaria,&nbsp;Polska<\/p>\n<\/div>\n<\/div>\n\n\n\n<p><\/p>\n","protected":false},"excerpt":{"rendered":"<p>Apple Pay to system p\u0142atno\u015bci online oraz portfel elektroniczny pozwalaj\u0105cy na proste i b\u0142yskawiczne transakcje za pomoc\u0105 przegl\u0105darki Safari na iPhonie, iPadzie oraz Macu z u\u017cyciem Face ID b\u0105d\u017a Touch ID. To r\u00f3wnie\u017c jedna z najbezpieczniejszych metod p\u0142atno\u015bci na rynku. Dokonuj\u0105c zakup\u00f3w numer karty oraz historia zakup\u00f3w klienta nie jest przechowywana na urz\u0105dzeniu ani serwerach [&hellip;]<\/p>\n","protected":false},"author":1,"featured_media":1224,"parent":0,"menu_order":0,"comment_status":"closed","ping_status":"closed","template":"","meta":{"_acf_changed":false,"inline_featured_image":false,"footnotes":""},"class_list":["post-1227","page","type-page","status-publish","has-post-thumbnail","hentry"],"acf":[],"_links":{"self":[{"href":"https:\/\/pep.pl\/online\/wp-json\/wp\/v2\/pages\/1227","targetHints":{"allow":["GET"]}}],"collection":[{"href":"https:\/\/pep.pl\/online\/wp-json\/wp\/v2\/pages"}],"about":[{"href":"https:\/\/pep.pl\/online\/wp-json\/wp\/v2\/types\/page"}],"author":[{"embeddable":true,"href":"https:\/\/pep.pl\/online\/wp-json\/wp\/v2\/users\/1"}],"replies":[{"embeddable":true,"href":"https:\/\/pep.pl\/online\/wp-json\/wp\/v2\/comments?post=1227"}],"version-history":[{"count":5,"href":"https:\/\/pep.pl\/online\/wp-json\/wp\/v2\/pages\/1227\/revisions"}],"predecessor-version":[{"id":1324,"href":"https:\/\/pep.pl\/online\/wp-json\/wp\/v2\/pages\/1227\/revisions\/1324"}],"wp:featuredmedia":[{"embeddable":true,"href":"https:\/\/pep.pl\/online\/wp-json\/wp\/v2\/media\/1224"}],"wp:attachment":[{"href":"https:\/\/pep.pl\/online\/wp-json\/wp\/v2\/media?parent=1227"}],"curies":[{"name":"wp","href":"https:\/\/api.w.org\/{rel}","templated":true}]}}