{"id":1236,"date":"2021-11-09T13:54:43","date_gmt":"2021-11-09T13:54:43","guid":{"rendered":"https:\/\/pep.pl\/online\/?page_id=1236"},"modified":"2021-11-10T13:17:25","modified_gmt":"2021-11-10T13:17:25","slug":"sepa-direct-debit","status":"publish","type":"page","link":"https:\/\/pep.pl\/online\/sepa-direct-debit\/","title":{"rendered":"SEPA Direct Debit"},"content":{"rendered":"\n<div class=\"wp-block-media-text alignwide is-stacked-on-mobile is-vertically-aligned-center\" style=\"grid-template-columns:39% auto\"><figure class=\"wp-block-media-text__media\"><img decoding=\"async\" width=\"126\" height=\"34\" data-src=\"http:\/\/impresspro.pl\/client\/paylane\/wp-content\/uploads\/2021\/10\/logo-sepa-e1636469149522.png\" alt=\"\" class=\"wp-image-105 size-medium lazyload\" src=\"data:image\/svg+xml;base64,PHN2ZyB3aWR0aD0iMSIgaGVpZ2h0PSIxIiB4bWxucz0iaHR0cDovL3d3dy53My5vcmcvMjAwMC9zdmciPjwvc3ZnPg==\" style=\"--smush-placeholder-width: 126px; --smush-placeholder-aspect-ratio: 126\/34;\" \/><\/figure><div class=\"wp-block-media-text__content\">\n<p>SEPA Direct Debit jest europejskim standardem polece\u0144 zap\u0142aty, umo\u017cliwiaj\u0105cym automatyczne \u015bci\u0105ganie \u015brodk\u00f3w z konta bankowego klienta.<\/p>\n\n\n\n<p>SEPA (Single Euro Payments Area) to obszar, obejmuj\u0105cych 35 kraj\u00f3w Europy, w ramach kt\u00f3rego na jednolitych zasadach mog\u0105 nast\u0119powa\u0107 rozliczenia bezgot\u00f3wkowe w euro. Celem jednolitego obszaru p\u0142atno\u015bci w euro jest zmniejszenie koszt\u00f3w operacji oraz przy\u015bpieszenie i u\u0142atwienie ich zawierania.<\/p>\n\n\n\n<p>SEPA Direct Debit to polecenie zap\u0142aty oparte o standard SEPA pozwalaj\u0105ce na \u0142atwe procesowanie nale\u017cno\u015bci przez sklepy internetowe dzia\u0142aj\u0105ce w ramach regionu.<\/p>\n\n\n\n<p>Korzystaj\u0105c z tej metody, kupuj\u0105cy podaje na stronie sklepu dane swojego konta oraz wyra\u017ca zgod\u0119, na \u015bci\u0105gniecie \u015brodk\u00f3w z konta. System wysy\u0142a automatycznie polecenie pobrania nale\u017cno\u015bci do banku bez anga\u017cowania nabywcy w dalszy proces zakupu.<\/p>\n\n\n\n<p>To \u015bwietna metoda p\u0142atno\u015bci dla wszystkich sklep\u00f3w operuj\u0105cych w euro, posiadaj\u0105cych swoich klient\u00f3w na terenie Europy. Sprawdza si\u0119 szczeg\u00f3lnie przy p\u0142atno\u015bciach cyklicznych oraz abonamentach.<\/p>\n<\/div><\/div>\n\n\n\n<div class=\"wp-block-columns is-layout-flex wp-container-core-columns-is-layout-9d6595d7 wp-block-columns-is-layout-flex\">\n<div class=\"wp-block-column is-layout-flow wp-block-column-is-layout-flow\" style=\"flex-basis:160px\">\n<p><strong>Waluty rozliczeniowe:<\/strong><\/p>\n\n\n\n<p><strong>Popularne w krajach:<\/strong><\/p>\n<\/div>\n\n\n\n<div class=\"wp-block-column is-layout-flow wp-block-column-is-layout-flow\">\n<p>EUR<\/p>\n\n\n\n<p>Austria, Niemcy,\u00a0Holandia,\u00a0Hiszpania, Francja, W\u0142ochy <\/p>\n<\/div>\n<\/div>\n","protected":false},"excerpt":{"rendered":"<p>SEPA Direct Debit jest europejskim standardem polece\u0144 zap\u0142aty, umo\u017cliwiaj\u0105cym automatyczne \u015bci\u0105ganie \u015brodk\u00f3w z konta bankowego klienta. SEPA (Single Euro Payments Area) to obszar, obejmuj\u0105cych 35 kraj\u00f3w Europy, w ramach kt\u00f3rego na jednolitych zasadach mog\u0105 nast\u0119powa\u0107 rozliczenia bezgot\u00f3wkowe w euro. Celem jednolitego obszaru p\u0142atno\u015bci w euro jest zmniejszenie koszt\u00f3w operacji oraz przy\u015bpieszenie i u\u0142atwienie ich zawierania. [&hellip;]<\/p>\n","protected":false},"author":1,"featured_media":1181,"parent":0,"menu_order":0,"comment_status":"closed","ping_status":"closed","template":"","meta":{"_acf_changed":false,"inline_featured_image":false,"footnotes":""},"class_list":["post-1236","page","type-page","status-publish","has-post-thumbnail","hentry"],"acf":[],"_links":{"self":[{"href":"https:\/\/pep.pl\/online\/wp-json\/wp\/v2\/pages\/1236","targetHints":{"allow":["GET"]}}],"collection":[{"href":"https:\/\/pep.pl\/online\/wp-json\/wp\/v2\/pages"}],"about":[{"href":"https:\/\/pep.pl\/online\/wp-json\/wp\/v2\/types\/page"}],"author":[{"embeddable":true,"href":"https:\/\/pep.pl\/online\/wp-json\/wp\/v2\/users\/1"}],"replies":[{"embeddable":true,"href":"https:\/\/pep.pl\/online\/wp-json\/wp\/v2\/comments?post=1236"}],"version-history":[{"count":5,"href":"https:\/\/pep.pl\/online\/wp-json\/wp\/v2\/pages\/1236\/revisions"}],"predecessor-version":[{"id":1326,"href":"https:\/\/pep.pl\/online\/wp-json\/wp\/v2\/pages\/1236\/revisions\/1326"}],"wp:featuredmedia":[{"embeddable":true,"href":"https:\/\/pep.pl\/online\/wp-json\/wp\/v2\/media\/1181"}],"wp:attachment":[{"href":"https:\/\/pep.pl\/online\/wp-json\/wp\/v2\/media?parent=1236"}],"curies":[{"name":"wp","href":"https:\/\/api.w.org\/{rel}","templated":true}]}}