{"id":1242,"date":"2021-11-09T15:00:15","date_gmt":"2021-11-09T15:00:15","guid":{"rendered":"https:\/\/pep.pl\/online\/?page_id=1242"},"modified":"2021-11-10T13:13:08","modified_gmt":"2021-11-10T13:13:08","slug":"maestro","status":"publish","type":"page","link":"https:\/\/pep.pl\/online\/maestro\/","title":{"rendered":"Maestro"},"content":{"rendered":"\n<div class=\"wp-block-media-text alignwide is-stacked-on-mobile is-vertically-aligned-center\" style=\"grid-template-columns:39% auto\"><figure class=\"wp-block-media-text__media\"><img decoding=\"async\" width=\"300\" height=\"234\" data-src=\"https:\/\/pep.pl\/online\/wp-content\/uploads\/2021\/11\/1280px-Maestro_2016.svg-300x234.png\" alt=\"\" class=\"wp-image-1249 size-medium lazyload\" data-srcset=\"https:\/\/pep.pl\/online\/wp-content\/uploads\/sites\/2\/2021\/11\/1280px-Maestro_2016.svg-300x234.png 300w, https:\/\/pep.pl\/online\/wp-content\/uploads\/sites\/2\/2021\/11\/1280px-Maestro_2016.svg-1024x798.png 1024w, https:\/\/pep.pl\/online\/wp-content\/uploads\/sites\/2\/2021\/11\/1280px-Maestro_2016.svg-768x599.png 768w, https:\/\/pep.pl\/online\/wp-content\/uploads\/sites\/2\/2021\/11\/1280px-Maestro_2016.svg.png 1280w\" data-sizes=\"(max-width: 300px) 100vw, 300px\" src=\"data:image\/svg+xml;base64,PHN2ZyB3aWR0aD0iMSIgaGVpZ2h0PSIxIiB4bWxucz0iaHR0cDovL3d3dy53My5vcmcvMjAwMC9zdmciPjwvc3ZnPg==\" style=\"--smush-placeholder-width: 300px; --smush-placeholder-aspect-ratio: 300\/234;\" \/><\/figure><div class=\"wp-block-media-text__content\">\n<p>Maestro to karty debetowe wydawane przez MasterCard. Karta honorowana jest w ponad 14 milionach punk\u00f3w sprzeda\u017cy na ca\u0142ym \u015bwiecie.<\/p>\n\n\n\n<p>Karta zosta\u0142a wprowadzona do obiegu w 1992 roku. Przeznaczona g\u0142\u00f3wnie do codziennego u\u017cytkowania podczas zakup\u00f3w w punktach sprzeda\u017cy oraz p\u0142atno\u015bci online.<\/p>\n<\/div><\/div>\n\n\n\n<div class=\"wp-block-columns is-layout-flex wp-container-core-columns-is-layout-9d6595d7 wp-block-columns-is-layout-flex\">\n<div class=\"wp-block-column is-layout-flow wp-block-column-is-layout-flow\" style=\"flex-basis:160px\">\n<p><strong>Waluty rozliczeniowe:<\/strong><\/p>\n\n\n\n<p><strong>Popularne w krajach:<\/strong><\/p>\n<\/div>\n\n\n\n<div class=\"wp-block-column is-layout-flow wp-block-column-is-layout-flow\">\n<p>USD, JPY, EUR, PLN<\/p>\n\n\n\n<p>Austria,\u00a0Polska,\u00a0Belgia,\u00a0Kanada,\u00a0Stany Zjednoczone,\u00a0Czechy,\u00a0Dania,\u00a0Estonia,\u00a0Finlandia,\u00a0Francja,\u00a0Niemcy,\u00a0Grecja,\u00a0Wielka Brytania,\u00a0Islandia,\u00a0Irlandia,\u00a0W\u0119gry,\u00a0W\u0142ochy,\u00a0\u0141otwa,\u00a0Litwa,\u00a0Luksemburg,\u00a0Malta,\u00a0Holandia,\u00a0Norwegia,\u00a0Rumunia,\u00a0Portugalia,\u00a0S\u0142owacja,\u00a0Hiszpania,\u00a0S\u0142owenia,\u00a0Szwecja,\u00a0Szwajcaria<\/p>\n<\/div>\n<\/div>\n","protected":false},"excerpt":{"rendered":"<p>Maestro to karty debetowe wydawane przez MasterCard. Karta honorowana jest w ponad 14 milionach punk\u00f3w sprzeda\u017cy na ca\u0142ym \u015bwiecie. Karta zosta\u0142a wprowadzona do obiegu w 1992 roku. Przeznaczona g\u0142\u00f3wnie do codziennego u\u017cytkowania podczas zakup\u00f3w w punktach sprzeda\u017cy oraz p\u0142atno\u015bci online. Waluty rozliczeniowe: Popularne w krajach: USD, JPY, EUR, PLN Austria,\u00a0Polska,\u00a0Belgia,\u00a0Kanada,\u00a0Stany Zjednoczone,\u00a0Czechy,\u00a0Dania,\u00a0Estonia,\u00a0Finlandia,\u00a0Francja,\u00a0Niemcy,\u00a0Grecja,\u00a0Wielka Brytania,\u00a0Islandia,\u00a0Irlandia,\u00a0W\u0119gry,\u00a0W\u0142ochy,\u00a0\u0141otwa,\u00a0Litwa,\u00a0Luksemburg,\u00a0Malta,\u00a0Holandia,\u00a0Norwegia,\u00a0Rumunia,\u00a0Portugalia,\u00a0S\u0142owacja,\u00a0Hiszpania,\u00a0S\u0142owenia,\u00a0Szwecja,\u00a0Szwajcaria<\/p>\n","protected":false},"author":1,"featured_media":1181,"parent":0,"menu_order":0,"comment_status":"closed","ping_status":"closed","template":"","meta":{"_acf_changed":false,"inline_featured_image":false,"footnotes":""},"class_list":["post-1242","page","type-page","status-publish","has-post-thumbnail","hentry"],"acf":[],"_links":{"self":[{"href":"https:\/\/pep.pl\/online\/wp-json\/wp\/v2\/pages\/1242","targetHints":{"allow":["GET"]}}],"collection":[{"href":"https:\/\/pep.pl\/online\/wp-json\/wp\/v2\/pages"}],"about":[{"href":"https:\/\/pep.pl\/online\/wp-json\/wp\/v2\/types\/page"}],"author":[{"embeddable":true,"href":"https:\/\/pep.pl\/online\/wp-json\/wp\/v2\/users\/1"}],"replies":[{"embeddable":true,"href":"https:\/\/pep.pl\/online\/wp-json\/wp\/v2\/comments?post=1242"}],"version-history":[{"count":8,"href":"https:\/\/pep.pl\/online\/wp-json\/wp\/v2\/pages\/1242\/revisions"}],"predecessor-version":[{"id":1319,"href":"https:\/\/pep.pl\/online\/wp-json\/wp\/v2\/pages\/1242\/revisions\/1319"}],"wp:featuredmedia":[{"embeddable":true,"href":"https:\/\/pep.pl\/online\/wp-json\/wp\/v2\/media\/1181"}],"wp:attachment":[{"href":"https:\/\/pep.pl\/online\/wp-json\/wp\/v2\/media?parent=1242"}],"curies":[{"name":"wp","href":"https:\/\/api.w.org\/{rel}","templated":true}]}}