{"id":1307,"date":"2021-11-10T13:05:06","date_gmt":"2021-11-10T13:05:06","guid":{"rendered":"https:\/\/pep.pl\/online\/?page_id=1307"},"modified":"2021-11-16T15:36:17","modified_gmt":"2021-11-16T15:36:17","slug":"cirrus","status":"publish","type":"page","link":"https:\/\/pep.pl\/online\/cirrus\/","title":{"rendered":"Cirrus"},"content":{"rendered":"\n<div class=\"wp-block-media-text alignwide is-stacked-on-mobile is-vertically-aligned-center\" style=\"grid-template-columns:39% auto\"><figure class=\"wp-block-media-text__media\"><img decoding=\"async\" width=\"400\" height=\"311\" data-src=\"https:\/\/pep.pl\/online\/wp-content\/uploads\/sites\/2\/2021\/11\/cirrus-e1636549731265.png\" alt=\"\" class=\"wp-image-1311 size-full lazyload\" src=\"data:image\/svg+xml;base64,PHN2ZyB3aWR0aD0iMSIgaGVpZ2h0PSIxIiB4bWxucz0iaHR0cDovL3d3dy53My5vcmcvMjAwMC9zdmciPjwvc3ZnPg==\" style=\"--smush-placeholder-width: 400px; --smush-placeholder-aspect-ratio: 400\/311;\" \/><\/figure><div class=\"wp-block-media-text__content\">\n<p>Cirrus to marka kart p\u0142atniczych nale\u017c\u0105ca do MasterCard Worldwide. Jest oznaczona dwoma niebieskimi ko\u0142ami i napisem Cirrus pod nimi.<\/p>\n\n\n\n<p>Pod szyldem Cirrus kryje si\u0119 r\u00f3wnie\u017c za\u0142o\u017cona w 1982 roku globalna sie\u0107 bankomat\u00f3w, kt\u00f3re obs\u0142uguj\u0105 wszystkie karty wydawane przez MasterCard. Obecnie w ramach sieci znajduje si\u0119 ponad 2 miliony bankomat\u00f3w.<\/p>\n<\/div><\/div>\n\n\n\n<div style=\"height:27px\" aria-hidden=\"true\" class=\"wp-block-spacer\"><\/div>\n\n\n\n<div class=\"wp-block-columns is-layout-flex wp-container-core-columns-is-layout-9d6595d7 wp-block-columns-is-layout-flex\">\n<div class=\"wp-block-column is-layout-flow wp-block-column-is-layout-flow\" style=\"flex-basis:160px\">\n<p><strong>Waluty rozliczeniowe:<\/strong><\/p>\n\n\n\n<p><strong>Popularne w krajach:<\/strong><\/p>\n<\/div>\n\n\n\n<div class=\"wp-block-column is-layout-flow wp-block-column-is-layout-flow\">\n<p>EUR, USD<\/p>\n\n\n\n<p>Stany Zjednoczone, Kanada<\/p>\n<\/div>\n<\/div>\n","protected":false},"excerpt":{"rendered":"<p>Cirrus to marka kart p\u0142atniczych nale\u017c\u0105ca do MasterCard Worldwide. Jest oznaczona dwoma niebieskimi ko\u0142ami i napisem Cirrus pod nimi. Pod szyldem Cirrus kryje si\u0119 r\u00f3wnie\u017c za\u0142o\u017cona w 1982 roku globalna sie\u0107 bankomat\u00f3w, kt\u00f3re obs\u0142uguj\u0105 wszystkie karty wydawane przez MasterCard. Obecnie w ramach sieci znajduje si\u0119 ponad 2 miliony bankomat\u00f3w. Waluty rozliczeniowe: Popularne w krajach: EUR, [&hellip;]<\/p>\n","protected":false},"author":1,"featured_media":1181,"parent":0,"menu_order":0,"comment_status":"closed","ping_status":"closed","template":"","meta":{"_acf_changed":false,"inline_featured_image":false,"footnotes":""},"class_list":["post-1307","page","type-page","status-publish","has-post-thumbnail","hentry"],"acf":[],"_links":{"self":[{"href":"https:\/\/pep.pl\/online\/wp-json\/wp\/v2\/pages\/1307","targetHints":{"allow":["GET"]}}],"collection":[{"href":"https:\/\/pep.pl\/online\/wp-json\/wp\/v2\/pages"}],"about":[{"href":"https:\/\/pep.pl\/online\/wp-json\/wp\/v2\/types\/page"}],"author":[{"embeddable":true,"href":"https:\/\/pep.pl\/online\/wp-json\/wp\/v2\/users\/1"}],"replies":[{"embeddable":true,"href":"https:\/\/pep.pl\/online\/wp-json\/wp\/v2\/comments?post=1307"}],"version-history":[{"count":7,"href":"https:\/\/pep.pl\/online\/wp-json\/wp\/v2\/pages\/1307\/revisions"}],"predecessor-version":[{"id":1351,"href":"https:\/\/pep.pl\/online\/wp-json\/wp\/v2\/pages\/1307\/revisions\/1351"}],"wp:featuredmedia":[{"embeddable":true,"href":"https:\/\/pep.pl\/online\/wp-json\/wp\/v2\/media\/1181"}],"wp:attachment":[{"href":"https:\/\/pep.pl\/online\/wp-json\/wp\/v2\/media?parent=1307"}],"curies":[{"name":"wp","href":"https:\/\/api.w.org\/{rel}","templated":true}]}}